{"id":608,"date":"2018-10-23T09:15:26","date_gmt":"2018-10-23T07:15:26","guid":{"rendered":"http:\/\/www.sionaeroport.ch\/?page_id=608\/"},"modified":"2018-10-23T09:18:37","modified_gmt":"2018-10-23T07:18:37","slug":"datenschutz","status":"publish","type":"page","link":"https:\/\/www.sionaeroport.ch\/de\/datenschutz\/","title":{"rendered":"Datenschutz"},"content":{"rendered":"<p>Wir benutzen cookies f\u00fcr Statistische Gr\u00fcnde, um Ihnen bestimmte und angepasste Inhalte vorzuschlagen und so, unsere Angebote und die Dienste zu optimieren.<\/p>\n<p><strong>Cookie zu Zwecken \u00a0der Funktionalit\u00e4t der Webseite<\/strong><br \/>\nDiese cookies sind notwendig, um das Optimale funktionieren der Webseite zu versichern und k\u00f6nnen nicht parametriert werden. Sie erlauben uns, Ihnen die Grundlegenden Funktionalit\u00e4ten der Webseite anzubieten.<\/p>\n<p><strong>Cookie f\u00fcr statistische Zwecke<\/strong><br \/>\nDiese cookies dienen zur Messung und zur Analysierung der Audienz unserer Webseite (Besuchsvolumen, gesehenen Seiten, durchschnittliche Zeit per Besuch, usw.) ; und das, um die Leistung zu verbessern. In dem Sie zustimmen, tragen Sie zur Verbesserung unserer Webseite bei.<\/p>\n<p>Sie k\u00f6nnen den gelisteten cookies zustimmen oder ablehnen.<br \/>\nSie k\u00f6nnen ihre Bevorzugungen jederzeit \u00e4ndern, indem Sie eine email schicken an\u00a0aeroport@sion.ch<\/p>\n","protected":false},"excerpt":{"rendered":"<p>Wir benutzen cookies f\u00fcr Statistische Gr\u00fcnde, um Ihnen bestimmte und angepasste Inhalte vorzuschlagen und so, unsere Angebote und die Dienste zu optimieren. Cookie zu Zwecken \u00a0der Funktionalit\u00e4t der Webseite Diese cookies sind notwendig, um das Optimale funktionieren der Webseite zu versichern und k\u00f6nnen nicht parametriert werden. Sie erlauben uns, Ihnen die Grundlegenden Funktionalit\u00e4ten der Webseite [&hellip;]<\/p>\n","protected":false},"author":2,"featured_media":0,"parent":0,"menu_order":0,"comment_status":"closed","ping_status":"closed","template":"page-basic.php","meta":{"_acf_changed":false,"footnotes":""},"acf":[],"publishpress_future_action":{"enabled":false,"date":"2026-05-20 02:15:44","action":"change-status","newStatus":"draft","terms":[],"taxonomy":"sections"},"_links":{"self":[{"href":"https:\/\/www.sionaeroport.ch\/de\/wp-json\/wp\/v2\/pages\/608"}],"collection":[{"href":"https:\/\/www.sionaeroport.ch\/de\/wp-json\/wp\/v2\/pages"}],"about":[{"href":"https:\/\/www.sionaeroport.ch\/de\/wp-json\/wp\/v2\/types\/page"}],"author":[{"embeddable":true,"href":"https:\/\/www.sionaeroport.ch\/de\/wp-json\/wp\/v2\/users\/2"}],"replies":[{"embeddable":true,"href":"https:\/\/www.sionaeroport.ch\/de\/wp-json\/wp\/v2\/comments?post=608"}],"version-history":[{"count":1,"href":"https:\/\/www.sionaeroport.ch\/de\/wp-json\/wp\/v2\/pages\/608\/revisions"}],"predecessor-version":[{"id":610,"href":"https:\/\/www.sionaeroport.ch\/de\/wp-json\/wp\/v2\/pages\/608\/revisions\/610"}],"wp:attachment":[{"href":"https:\/\/www.sionaeroport.ch\/de\/wp-json\/wp\/v2\/media?parent=608"}],"curies":[{"name":"wp","href":"https:\/\/api.w.org\/{rel}","templated":true}]}}