{"id":331,"date":"2017-07-11T16:41:28","date_gmt":"2017-07-11T14:41:28","guid":{"rendered":"http:\/\/aeroport-sion.ch\/?page_id=331\/"},"modified":"2017-07-11T16:42:04","modified_gmt":"2017-07-11T14:42:04","slug":"uber-uns","status":"publish","type":"page","link":"https:\/\/www.sionaeroport.ch\/de\/uber-uns\/","title":{"rendered":"Unser Flughafen"},"content":{"rendered":"<p>Der Flughafen Sion liegt idyllisch im Herzen der Alpen umgeben von einigen der nobelsten Weltklasse-Skigebiete wie\u00a0<b><a href=\"http:\/\/www.crans-montana.ch\/\" target=\"blank\">Crans-Montana<\/a><\/b>,\u00a0<b><a href=\"http:\/\/www.zermatt.ch\/\" target=\"blank\">Zermatt<\/a><\/b>,\u00a0<b><a href=\"http:\/\/www.nendaz.ch\/\" target=\"blank\">Nendaz<\/a><\/b>,\u00a0<b><a href=\"http:\/\/www.veysonnaz.ch\/\" target=\"blank\">Veysonnaz<\/a><\/b>,\u00a0<b><a href=\"http:\/\/www.verbier.ch\/\" target=\"blank\">Verbier<\/a><\/b>,\u00a0<b><a href=\"http:\/\/www.saas-fee.ch\/\" target=\"blank\">Saas-Fee<\/a><\/b>,\u00a0<b><a href=\"http:\/\/www.montreuxriviera.com\/\" target=\"blank\">Montreux<\/a><\/b>,\u00a0<b><a href=\"http:\/\/www.gstaad.ch\/\" target=\"blank\">Gstaad<\/a><\/b>.<\/p>\n<p>Der Flughafen Sion bietet eine hervorragende M\u00f6glichkeit der Hektik anderer Flugh\u00e4fen zu entweichen. Zudem bietet der Flughafen ebenfalls den Transport per Hubschrauber zu wichtigen Veranstaltungen wie dem WEF in Davos oder dem Montreux Jazz Festival an.<\/p>\n<p>Ausger\u00fcstet mit einer vollumf\u00e4nglichen Infrastruktur bietet der Flughafen Sion regelm\u00e4ssige Streckenfl\u00fcge f\u00fcr Gesch\u00e4fts- und Freizeitreisen an.\u2028<\/p>\n<p>Wir veranstalten auch eine breite Palette von Aktivit\u00e4ten mit Flugzeugen und Hubschraubern wie Freizeitfl\u00fcge, Flugschulen, Segelfliegen, Fallschirmspringen, Heli-Skifahren, Ausr\u00fcstungstransport und Bed\u00fcngung per Helikopter.<\/p>\n<p><b> Wir freuen uns Sie schon bald willkommen zu heissen. Bitte z\u00f6gern Sie nicht, uns f\u00fcr weitere Informationen zu kontaktieren.<br \/>\n<\/b><\/p>\n","protected":false},"excerpt":{"rendered":"<p>Der Flughafen Sion liegt idyllisch im Herzen der Alpen umgeben von einigen der nobelsten Weltklasse-Skigebiete wie\u00a0Crans-Montana,\u00a0Zermatt,\u00a0Nendaz,\u00a0Veysonnaz,\u00a0Verbier,\u00a0Saas-Fee,\u00a0Montreux,\u00a0Gstaad. Der Flughafen Sion bietet eine hervorragende M\u00f6glichkeit der Hektik anderer Flugh\u00e4fen zu entweichen. Zudem bietet der Flughafen ebenfalls den Transport per Hubschrauber zu wichtigen Veranstaltungen wie dem WEF in Davos oder dem Montreux Jazz Festival an. Ausger\u00fcstet mit einer [&hellip;]<\/p>\n","protected":false},"author":2,"featured_media":0,"parent":0,"menu_order":0,"comment_status":"closed","ping_status":"closed","template":"page-a-propos-de-nous.php","meta":{"_acf_changed":false,"footnotes":""},"acf":[],"publishpress_future_action":{"enabled":false,"date":"2026-05-04 20:14:32","action":"change-status","newStatus":"draft","terms":[],"taxonomy":"sections"},"_links":{"self":[{"href":"https:\/\/www.sionaeroport.ch\/de\/wp-json\/wp\/v2\/pages\/331"}],"collection":[{"href":"https:\/\/www.sionaeroport.ch\/de\/wp-json\/wp\/v2\/pages"}],"about":[{"href":"https:\/\/www.sionaeroport.ch\/de\/wp-json\/wp\/v2\/types\/page"}],"author":[{"embeddable":true,"href":"https:\/\/www.sionaeroport.ch\/de\/wp-json\/wp\/v2\/users\/2"}],"replies":[{"embeddable":true,"href":"https:\/\/www.sionaeroport.ch\/de\/wp-json\/wp\/v2\/comments?post=331"}],"version-history":[{"count":1,"href":"https:\/\/www.sionaeroport.ch\/de\/wp-json\/wp\/v2\/pages\/331\/revisions"}],"predecessor-version":[{"id":332,"href":"https:\/\/www.sionaeroport.ch\/de\/wp-json\/wp\/v2\/pages\/331\/revisions\/332"}],"wp:attachment":[{"href":"https:\/\/www.sionaeroport.ch\/de\/wp-json\/wp\/v2\/media?parent=331"}],"curies":[{"name":"wp","href":"https:\/\/api.w.org\/{rel}","templated":true}]}}