{"id":266,"date":"2017-07-11T15:19:52","date_gmt":"2017-07-11T13:19:52","guid":{"rendered":"http:\/\/aeroport-sion.ch\/?page_id=266\/"},"modified":"2021-07-05T08:06:49","modified_gmt":"2021-07-05T06:06:49","slug":"formulare-und-informationen-praktiken","status":"publish","type":"page","link":"https:\/\/www.sionaeroport.ch\/de\/formulare-und-informationen-praktiken\/","title":{"rendered":"Formulare und praktische Informationen"},"content":{"rendered":"<h1><b> Eine Flughafenausweiskarte beantragen <\/b><\/h1>\n<h2> Die folgenden Konditionen gelten f\u00fcr das Einholen eines Zugangsbadges oder -karte f\u00fcr den Flughafen Sion:\u00a0<br \/>\n&#8211; Polizeiregisterauszug im original (nicht \u00e4lter als 1 Monat)<\/p>\n<p>&#8211; Angestelltenausweis oder Mitgliedschaftsausweis einer Gruppe oder eines Klubs<\/p>\n<p>&#8211; Pilotenlizenz f\u00fcr Privatpersonen<\/p>\n<p>&#8211; Anmeldeformular f\u00fcr die Flughafenausweiskarte Sion<\/p>\n<p>Diese Dokumente sind f\u00fcr Personen gedacht, welche Flughafeneinrichtungen regelm\u00e4ssig benutzen m\u00fcssen, die einen Flughafenausweiskarte oder \u2013karte erfordern. Am Flughafen Sion sind diese auf einem einzelnen Badge kombiniert.<br \/>\n<\/h2>\n","protected":false},"excerpt":{"rendered":"<p>Eine Flughafenausweiskarte beantragen Die folgenden Konditionen gelten f\u00fcr das Einholen eines Zugangsbadges oder -karte f\u00fcr den Flughafen Sion:\u00a0 &#8211; Polizeiregisterauszug im original (nicht \u00e4lter als 1 Monat) &#8211; Angestelltenausweis oder Mitgliedschaftsausweis einer Gruppe oder eines Klubs &#8211; Pilotenlizenz f\u00fcr Privatpersonen &#8211; Anmeldeformular f\u00fcr die Flughafenausweiskarte Sion Diese Dokumente sind f\u00fcr Personen gedacht, welche Flughafeneinrichtungen regelm\u00e4ssig [&hellip;]<\/p>\n","protected":false},"author":2,"featured_media":0,"parent":0,"menu_order":0,"comment_status":"closed","ping_status":"closed","template":"page-formulaires-et-infos-pratiques.php","meta":{"_acf_changed":false,"footnotes":""},"acf":[],"publishpress_future_action":{"enabled":false,"date":"2026-05-09 17:41:56","action":"change-status","newStatus":"draft","terms":[],"taxonomy":"sections"},"_links":{"self":[{"href":"https:\/\/www.sionaeroport.ch\/de\/wp-json\/wp\/v2\/pages\/266"}],"collection":[{"href":"https:\/\/www.sionaeroport.ch\/de\/wp-json\/wp\/v2\/pages"}],"about":[{"href":"https:\/\/www.sionaeroport.ch\/de\/wp-json\/wp\/v2\/types\/page"}],"author":[{"embeddable":true,"href":"https:\/\/www.sionaeroport.ch\/de\/wp-json\/wp\/v2\/users\/2"}],"replies":[{"embeddable":true,"href":"https:\/\/www.sionaeroport.ch\/de\/wp-json\/wp\/v2\/comments?post=266"}],"version-history":[{"count":6,"href":"https:\/\/www.sionaeroport.ch\/de\/wp-json\/wp\/v2\/pages\/266\/revisions"}],"predecessor-version":[{"id":1074,"href":"https:\/\/www.sionaeroport.ch\/de\/wp-json\/wp\/v2\/pages\/266\/revisions\/1074"}],"wp:attachment":[{"href":"https:\/\/www.sionaeroport.ch\/de\/wp-json\/wp\/v2\/media?parent=266"}],"curies":[{"name":"wp","href":"https:\/\/api.w.org\/{rel}","templated":true}]}}