{"id":1559,"date":"2024-09-01T00:01:53","date_gmt":"2024-08-31T22:01:53","guid":{"rendered":"https:\/\/www.sionaeroport.ch\/carburant\/"},"modified":"2024-12-27T17:00:16","modified_gmt":"2024-12-27T16:00:16","slug":"kraftstoff","status":"publish","type":"page","link":"https:\/\/www.sionaeroport.ch\/de\/kraftstoff\/","title":{"rendered":"Kraftstoffpolitik"},"content":{"rendered":"<div class=\"row\">\n<div class=\"col-xs-0 col-sm-0 col-md-4 col-lg-6\"><\/div>\n<p>\n        <div class=\"db-widget col-xs-6 col-sm-6 col-md-4 col-lg-3\">\n            <div class=\"main-col\">\n                <div class=\"widget-content border-red\">\n                    <!-- START STATIC CONTENT -->\n                    <div>\n                      <div id=\"w-fuel\" class=\"widget-item fixed active\">\n                              <div class=\"text title\">\n                                  <span class=\"lbl\"><b>Prix du carburant<\/b><\/span>\n                              <\/div>\n\n                              <div class=\"text sub\">\n                                  <span class=\"lbl\"><small>(CHF\/LITER)<\/small><\/span>\n                              <\/div>\n\n                              <div class=\"tbl\">\n                                  <div class=\"row title text-left\">\n                                      <div class=\"col-xs-4 col\">\n                                      <\/div>\n                                      <div class=\"col-xs-4 col\">\n                                        Full Price\n                                      <\/div>\n                                      <div class=\"col-xs-4 col\">\n                                        Duty Free\n                                      <\/div>\n                                  <\/div>\n                                  <div class=\"row fuel text-left\">\n                                      <div class=\"col-xs-4 col\">\n                                        AVGAS\n                                      <\/div>\n                                      <div class=\"col-xs-4 col\">\n                                        <span class=\"value\">2.70<\/span>\n                                      <\/div>\n                                      <div class=\"col-xs-4 col\">\n                                        <span class=\"value\">1.85<\/span>\n                                      <\/div>\n                                  <\/div>\n\n                                  <div class=\"row fuel text-left\">\n                                      <div class=\"col-xs-4 col\">\n                                        JET A1\n                                      <\/div>\n                                      <div class=\"col-xs-4 col\">\n                                        <span class=\"value\">2.43<\/span>\n                                      <\/div>\n                                      <div class=\"col-xs-4 col\">\n                                        <span class=\"value\">1.61<\/span>\n                                      <\/div>\n                                  <\/div>\n\n                                  <div class=\"row fuel text-left\">\n                                      <div class=\"col-xs-4 col\">\n                                        UL 91\n                                      <\/div>\n                                      <div class=\"col-xs-4 col\">\n                                        <span class=\"value\">2.35<\/span>\n                                      <\/div>\n                                      <div class=\"col-xs-4 col\">\n                                        <span class=\"value\">-<\/span>\n                                      <\/div>\n                                  <\/div>\n                              <\/div>\n                              <div class=\"text freq\">\n                                  <span class=\"lbl\">+ VAT: 8.1% (2026)<\/span>\n                              <\/div>\n                          <\/div>\n                      <\/div>\n                      <!-- END STATIC CONTENT -->                      \n                <\/div>\n            <\/div>\n        <\/div>        <div class=\"db-widget col-xs-6 col-sm-6 col-md-4 col-lg-3\">\n            <div class=\"main-col\" style=\"height:105px;\">\n                <div class=\"widget-content border-green\">\n                  <!-- START STATIC CONTENT -->\n                    <div>\n                      <div id=\"w-saf\" class=\"widget-item fixed active\">\n\n                        <div class=\"text title\">\n                          <span class=\"lbl\">\n                            <b>Prix du SAF <!--small style=\"font-weight:normal;font-size:60%;\">(CHF\/LITER)<\/small--><\/b>\n                            <img decoding=\"async\" src=\"https:\/\/www.sionaeroport.ch\/wp-content\/uploads\/2024\/04\/SAF_transparent-150x150.png\" style=\"height:40px; float:right;\" \/>\n                          <\/span>\n                        <\/div>\n\n                        <div class=\"text sub\">\n                          <span class=\"lbl\"><small>(CHF\/LITER)<\/small><\/span>\n                        <\/div>\n\n                        <div class=\"tbl\">\n                          <div class=\"row title text-left\">\n                              <div class=\"col-xs-4 col\"><\/div>\n                              <div class=\"col-xs-4 col\">Full Price<\/div>\n                              <div class=\"col-xs-4 col\">Duty Free<\/div>\n                          <\/div>\n                          \n                          <div class=\"row fuel text-left\">\n                            <div class=\"col-xs-4 col\">SAF<\/div>\n                            <div class=\"col-xs-4 col\"><span class=\"value\"><\/span><\/div>\n                            <div class=\"col-xs-4 col\"><span class=\"value\"><\/span><\/div>\n                          <\/div>\n                          \n                          <!--div class=\"row fuel text-left\">\n                            <div class=\"col-xs-4 col\">2%<\/div>\n                            <div class=\"col-xs-4 col\"><span class=\"value\">{saf2_full_option}<\/span><\/div>\n                            <div class=\"col-xs-4 col\"><span class=\"value\">{saf2_duty_option}<\/span><\/div>\n                          <\/div>\n                          <div class=\"row fuel text-left\">\n                            <div class=\"col-xs-4 col\">5%<\/div>\n                            <div class=\"col-xs-4 col\"><span class=\"value\">{saf5_full_option}<\/span><\/div>\n                            <div class=\"col-xs-4 col\"><span class=\"value\">{saf5_duty_option}<\/span><\/div>\n                          <\/div>\n                          <div class=\"row fuel text-left\">\n                            <div class=\"col-xs-4 col\">10%<\/div>\n                            <div class=\"col-xs-4 col\"><span class=\"value\">{saf10_full_option}<\/span><\/div>\n                            <div class=\"col-xs-4 col\"><span class=\"value\">{saf10_duty_option}<\/span><\/div>\n                          <\/div>\n                          <div class=\"row fuel text-left\">\n                            <div class=\"col-xs-4 col\">15%<\/div>\n                            <div class=\"col-xs-4 col\"><span class=\"value\">{saf15_full_option}<\/span><\/div>\n                            <div class=\"col-xs-4 col\"><span class=\"value\">{saf15_duty_option}<\/span><\/div>\n                          <\/div>\n                          <div class=\"row fuel text-left\">\n                            <div class=\"col-xs-4 col\">20%<\/div>\n                            <div class=\"col-xs-4 col\"><span class=\"value\">{saf20_full_option}<\/span><\/div>\n                            <div class=\"col-xs-4 col\"><span class=\"value\">{saf20_duty_option}<\/span><\/div>\n                          <\/div>\n                          <div class=\"row fuel text-left\">\n                            <div class=\"col-xs-4 col\">30%<\/div>\n                            <div class=\"col-xs-4 col\"><span class=\"value\">{saf30_full_option}<\/span><\/div>\n                            <div class=\"col-xs-4 col\"><span class=\"value\">{saf30_duty_option}<\/span><\/div>\n                          <\/div-->\n                          \n                        <\/div>\n                        <div class=\"text freq\">\n                          <span class=\"lbl\">+ VAT: 8.1% (2026)<\/span>\n                        <\/div>\n                    <\/div>\n                <\/div>\n                <!-- END STATIC CONTENT -->\n                <\/div>\n            <\/div>\n        <\/div>\n\n\n<\/p><\/div>\n<h1 class=\"red\"><strong>Maximieren Sie Ihre Vorteile mit einem Treibstoffkonto!<\/strong><\/h1>\n<p>Liebe Vielflieger des Flughafens Sion,<\/p>\n<p>&nbsp;<\/p>\n<p>Wir freuen uns, Ihnen eine neue M\u00f6glichkeit vorzustellen, die unseren treuesten Betreibern vorbehalten ist: die M\u00f6glichkeit, ein eigenes Treibstoffkonto direkt am Flughafen Sion zu er\u00f6ffnen.<\/p>\n<p>&nbsp;<\/p>\n<p>Mit einem Treibstoffkonto k\u00f6nnen Sie von exklusiven Vorteilen profitieren, die auf Ihre betrieblichen Bed\u00fcrfnisse zugeschnitten sind. Diese Vorteile erh\u00f6hen sich mit der Menge des verbrauchten Treibstoffs, sodass Sie Ihre Einsparungen maximieren und Ihre Betriebsabl\u00e4ufe vereinfachen k\u00f6nnen.<\/p>\n<p>&nbsp;<\/p>\n<p>Schl\u00fcsselvorteile bei der Er\u00f6ffnung eines Tankkontos :<\/p>\n<ul>\n<li><strong>Progressive Rabatte<\/strong>: Je mehr Kraftstoff Sie kaufen, desto h\u00f6her sind Ihre Einsparungen.<\/li>\n<li><strong>Detaillierte Berichte<\/strong>: Erhalten Sie umfassende Berichte \u00fcber die Nutzung Ihres Kraftstoffs, um Ihre Ausgaben effizient zu verwalten. <\/li>\n<li><strong>Flexible Zahlungsoptionen<\/strong>: Nutzen Sie den Komfort von Zahlungspl\u00e4nen, die auf Ihre Bed\u00fcrfnisse zugeschnitten sind. Zum besseren Verst\u00e4ndnis haben wir Beispiele offizieller Dokumente beigef\u00fcgt, die die Gesch\u00e4ftsbedingungen sowie die Vorteile der einzelnen Stufen detailliert beschreiben.<\/li>\n<\/ul>\n<p>&nbsp;<\/p>\n<p>Verpassen Sie nicht diese Gelegenheit, Ihre Abl\u00e4ufe am Flughafen Sion zu verbessern.<\/p>\n<p>&nbsp;<\/p>\n<p>F\u00fcr weitere Informationen wenden Sie sich bitte an unser Team unter aeroport@sion.ch oder melden Sie sich zun\u00e4chst online \u00fcber das Formular zur Kontoer\u00f6ffnung an  :<\/p>\n<p>&nbsp;<\/p>\n<p><a href=\"https:\/\/www.sionaeroport.ch\/de\/kraftstoff\/formular-zur-kontoeroeffnung\/\" class=\"btn btn-danger\">Zum Formular f\u00fcr die Kontoer\u00f6ffnung<\/a><\/p>\n<p>&nbsp;<\/p>\n<p>Wir freuen uns darauf, Ihren Betrieb am Flughafen Sion weiterhin zu unterst\u00fctzen.<\/p>\n<p>&nbsp;<\/p>\n<div class=\"row\">\n<div class=\"col-xs-6 col-lg-3 col text-center\">\n        <a href=\"https:\/\/www.sionaeroport.ch\/wp-content\/uploads\/2024\/12\/LSGS_Fuel_tariffs_2025.pdf\" target=\"_blank\" class=\"download\" rel=\"noopener\">\n          <img decoding=\"async\" class=\"icon\" src=\"https:\/\/www.sionaeroport.ch\/wp-content\/themes\/sionairport_V2_11072017\/src\/assets\/icon-pdf.png\">\n          <p>Richtlinien und Tarife f\u00fcr Flugtreibstoffe des Flughafens Sion 2025<\/p>\n          <img decoding=\"async\" class=\"arrow\" src=\"https:\/\/www.sionaeroport.ch\/wp-content\/themes\/sionairport_V2_11072017\/src\/assets\/icon-arrow-down.png\">\n        <\/a>\n      <\/div>\n<div class=\"col-xs-6 col-lg-3 col text-center\">\n        <a href=\"https:\/\/www.sionaeroport.ch\/wp-content\/uploads\/2024\/08\/LSGS_Convention_carburant_2024_EXEMPLE_EN.pdf\" target=\"_blank\" class=\"download\" rel=\"noopener\">\n          <img decoding=\"async\" class=\"icon\" src=\"https:\/\/www.sionaeroport.ch\/wp-content\/themes\/sionairport_V2_11072017\/src\/assets\/icon-pdf.png\">\n          <p>Beispiel f\u00fcr eine Betankungsvereinbarung<\/p>\n          <img decoding=\"async\" class=\"arrow\" src=\"https:\/\/www.sionaeroport.ch\/wp-content\/themes\/sionairport_V2_11072017\/src\/assets\/icon-arrow-down.png\">\n        <\/a>\n      <\/div>\n<\/div>\n","protected":false},"excerpt":{"rendered":"<p>Maximieren Sie Ihre Vorteile mit einem Treibstoffkonto! Liebe Vielflieger des Flughafens Sion, &nbsp; Wir freuen uns, Ihnen eine neue M\u00f6glichkeit vorzustellen, die unseren treuesten Betreibern vorbehalten ist: die M\u00f6glichkeit, ein eigenes Treibstoffkonto direkt am Flughafen Sion zu er\u00f6ffnen. &nbsp; Mit einem Treibstoffkonto k\u00f6nnen Sie von exklusiven Vorteilen profitieren, die auf Ihre betrieblichen Bed\u00fcrfnisse zugeschnitten sind. [&hellip;]<\/p>\n","protected":false},"author":2,"featured_media":0,"parent":0,"menu_order":0,"comment_status":"closed","ping_status":"closed","template":"page-default.php","meta":{"_acf_changed":false,"footnotes":""},"acf":[],"publishpress_future_action":{"enabled":false,"date":"2026-05-20 02:12:40","action":"change-status","newStatus":"draft","terms":[],"taxonomy":"sections"},"_links":{"self":[{"href":"https:\/\/www.sionaeroport.ch\/de\/wp-json\/wp\/v2\/pages\/1559"}],"collection":[{"href":"https:\/\/www.sionaeroport.ch\/de\/wp-json\/wp\/v2\/pages"}],"about":[{"href":"https:\/\/www.sionaeroport.ch\/de\/wp-json\/wp\/v2\/types\/page"}],"author":[{"embeddable":true,"href":"https:\/\/www.sionaeroport.ch\/de\/wp-json\/wp\/v2\/users\/2"}],"replies":[{"embeddable":true,"href":"https:\/\/www.sionaeroport.ch\/de\/wp-json\/wp\/v2\/comments?post=1559"}],"version-history":[{"count":6,"href":"https:\/\/www.sionaeroport.ch\/de\/wp-json\/wp\/v2\/pages\/1559\/revisions"}],"predecessor-version":[{"id":1654,"href":"https:\/\/www.sionaeroport.ch\/de\/wp-json\/wp\/v2\/pages\/1559\/revisions\/1654"}],"wp:attachment":[{"href":"https:\/\/www.sionaeroport.ch\/de\/wp-json\/wp\/v2\/media?parent=1559"}],"curies":[{"name":"wp","href":"https:\/\/api.w.org\/{rel}","templated":true}]}}